{"id":2,"date":"2012-11-16T18:34:05","date_gmt":"2012-11-16T18:34:05","guid":{"rendered":"http:\/\/ikastlast.dk\/?page_id=2"},"modified":"2023-01-03T11:32:57","modified_gmt":"2023-01-03T10:32:57","slug":"sample-page","status":"publish","type":"page","link":"http:\/\/ikastlast.dk\/","title":{"rendered":"Velkommen hos Ikast Lastvognsservice"},"content":{"rendered":"<p style=\"text-align: center;\">Vi servicerer og reparerer b\u00e5de last, vare og personbiler, for b\u00e5de private og erhvervskunder. Til erhvervslivet tilbyder vi individuelle l\u00f8sningsmodeller, som er tilpasset den enkelte virksomhed og den vognpark som skal serviceres.<\/p>\n<p style=\"text-align: center;\">Som kunde hos Ikast Lastvognsservice kan vi tilbyde dig b\u00e5de stor erfaring og ekspertise p\u00e5 markedet. Derudover garanterer vi selvf\u00f8lgelig en fleksibel og hurtig service, samt en professionel h\u00e5ndtering af dit k\u00f8ret\u00f8j.<\/p>\n<p style=\"text-align: center;\">Derfor- har du eller din virksomhed brug for en seri\u00f8s og professionel partner, s\u00e5 kontakt os allerede i dag.<\/p>\n<p style=\"text-align: center;\">\n","protected":false},"excerpt":{"rendered":"<p>Vi servicerer og reparerer b\u00e5de last, vare og personbiler, for b\u00e5de private og erhvervskunder. Til erhvervslivet tilbyder vi individuelle l\u00f8sningsmodeller, som er tilpasset den enkelte virksomhed og den vognpark som skal serviceres. Som kunde hos Ikast Lastvognsservice kan vi tilbyde &hellip; <a href=\"http:\/\/ikastlast.dk\/\">L\u00e6s resten <span class=\"meta-nav\">&rarr;<\/span><\/a><\/p>\n","protected":false},"author":1,"featured_media":0,"parent":0,"menu_order":0,"comment_status":"open","ping_status":"open","template":"","meta":{"footnotes":""},"class_list":["post-2","page","type-page","status-publish","hentry"],"_links":{"self":[{"href":"http:\/\/ikastlast.dk\/index.php?rest_route=\/wp\/v2\/pages\/2","targetHints":{"allow":["GET"]}}],"collection":[{"href":"http:\/\/ikastlast.dk\/index.php?rest_route=\/wp\/v2\/pages"}],"about":[{"href":"http:\/\/ikastlast.dk\/index.php?rest_route=\/wp\/v2\/types\/page"}],"author":[{"embeddable":true,"href":"http:\/\/ikastlast.dk\/index.php?rest_route=\/wp\/v2\/users\/1"}],"replies":[{"embeddable":true,"href":"http:\/\/ikastlast.dk\/index.php?rest_route=%2Fwp%2Fv2%2Fcomments&post=2"}],"version-history":[{"count":15,"href":"http:\/\/ikastlast.dk\/index.php?rest_route=\/wp\/v2\/pages\/2\/revisions"}],"predecessor-version":[{"id":115,"href":"http:\/\/ikastlast.dk\/index.php?rest_route=\/wp\/v2\/pages\/2\/revisions\/115"}],"wp:attachment":[{"href":"http:\/\/ikastlast.dk\/index.php?rest_route=%2Fwp%2Fv2%2Fmedia&parent=2"}],"curies":[{"name":"wp","href":"https:\/\/api.w.org\/{rel}","templated":true}]}}